	{"id":6,"date":"2015-01-20T22:59:17","date_gmt":"2015-01-20T21:59:17","guid":{"rendered":"http:\/\/www.fyziomasaze-veronika.cz\/?page_id=6"},"modified":"2021-01-29T21:31:06","modified_gmt":"2021-01-29T20:31:06","slug":"kontakty","status":"publish","type":"page","link":"https:\/\/www.fyziomasaze-veronika.cz\/?page_id=6","title":{"rendered":"KONTAKTY"},"content":{"rendered":"<p><strong><img loading=\"lazy\" class=\"alignright wp-image-105 size-full\" src=\"https:\/\/www.fyziomasaze-veronika.cz\/wp-content\/uploads\/2015\/01\/veronika_cumpelikova_o-mne_small-e1422046600998.jpg\" alt=\"veronika_cumpelikova_o-mne_small\" width=\"270\" height=\"215\" \/>FYZIOTERAPIE, MAS\u00c1\u017dE<\/strong><\/p>\n<p>Veronika \u010cumpel\u00edkov\u00e1, DiS<\/p>\n<p>tel.: 723 855 805<\/p>\n<p>e-mail: <a href=\"mailto:masaze.veronika@post.cz\">masaze.veronika@post.cz<\/a><\/p>\n<p>provozovna:<\/p>\n<p>Fyzio-mas\u00e1\u017ee, R\u00fddlova 621\/28, \u0158\u00ed\u010dany\u00a0(<a title=\"Mapa\" href=\"https:\/\/mapy.cz\/s\/nusetezore\" target=\"_blank\">mapa<\/a>)<\/p>\n<p>&nbsp;<\/p>\n<p>Objedn\u00e1n\u00ed po telefonick\u00e9\u00a0domluv\u011b. Pokud telefon nezved\u00e1m, v\u011bnuji se pr\u00e1v\u011b klientovi a ozvu se v\u00e1m hned, jakmile to bude mo\u017en\u00e9.<\/p>\n<p><iframe style=\"border: none;\" src=\"https:\/\/frame.mapy.cz\/s\/bapazateta\" width=\"400\" height=\"280\" frameborder=\"0\"><\/iframe><\/p>\n","protected":false},"excerpt":{"rendered":"<p>FYZIOTERAPIE, MAS\u00c1\u017dE Veronika \u010cumpel\u00edkov\u00e1, DiS tel.: 723 855 805 e-mail: masaze.veronika@post.cz provozovna: Fyzio-mas\u00e1\u017ee, R\u00fddlova 621\/28, \u0158\u00ed\u010dany\u00a0(mapa) &nbsp; Objedn\u00e1n\u00ed po telefonick\u00e9\u00a0domluv\u011b. Pokud telefon nezved\u00e1m, v\u011bnuji se pr\u00e1v\u011b klientovi a ozvu se v\u00e1m hned, jakmile to bude mo\u017en\u00e9.<\/p>\n","protected":false},"author":1,"featured_media":0,"parent":0,"menu_order":30,"comment_status":"closed","ping_status":"closed","template":"","meta":[],"_links":{"self":[{"href":"https:\/\/www.fyziomasaze-veronika.cz\/index.php?rest_route=\/wp\/v2\/pages\/6"}],"collection":[{"href":"https:\/\/www.fyziomasaze-veronika.cz\/index.php?rest_route=\/wp\/v2\/pages"}],"about":[{"href":"https:\/\/www.fyziomasaze-veronika.cz\/index.php?rest_route=\/wp\/v2\/types\/page"}],"author":[{"embeddable":true,"href":"https:\/\/www.fyziomasaze-veronika.cz\/index.php?rest_route=\/wp\/v2\/users\/1"}],"replies":[{"embeddable":true,"href":"https:\/\/www.fyziomasaze-veronika.cz\/index.php?rest_route=%2Fwp%2Fv2%2Fcomments&post=6"}],"version-history":[{"count":24,"href":"https:\/\/www.fyziomasaze-veronika.cz\/index.php?rest_route=\/wp\/v2\/pages\/6\/revisions"}],"predecessor-version":[{"id":3335,"href":"https:\/\/www.fyziomasaze-veronika.cz\/index.php?rest_route=\/wp\/v2\/pages\/6\/revisions\/3335"}],"wp:attachment":[{"href":"https:\/\/www.fyziomasaze-veronika.cz\/index.php?rest_route=%2Fwp%2Fv2%2Fmedia&parent=6"}],"curies":[{"name":"wp","href":"https:\/\/api.w.org\/{rel}","templated":true}]}}