	{"id":14,"date":"2015-01-21T21:34:48","date_gmt":"2015-01-21T20:34:48","guid":{"rendered":"http:\/\/www.fyziomasaze-veronika.cz\/?page_id=14"},"modified":"2015-01-26T09:13:57","modified_gmt":"2015-01-26T08:13:57","slug":"kineziotaping","status":"publish","type":"page","link":"https:\/\/www.fyziomasaze-veronika.cz\/?page_id=14","title":{"rendered":"KINEZIOTAPING"},"content":{"rendered":"<p><strong><img loading=\"lazy\" class=\"alignright wp-image-174 size-medium\" src=\"http:\/\/www.fyziomasaze-veronika.cz\/wp-content\/uploads\/2015\/01\/krcni-pater-300x214.jpg\" alt=\"krcni-pater\" width=\"300\" height=\"214\" srcset=\"https:\/\/www.fyziomasaze-veronika.cz\/wp-content\/uploads\/2015\/01\/krcni-pater-300x214.jpg 300w, https:\/\/www.fyziomasaze-veronika.cz\/wp-content\/uploads\/2015\/01\/krcni-pater.jpg 590w\" sizes=\"(max-width: 300px) 100vw, 300px\" \/>FYZIOLOGICK\u00c9 \u00da\u010cINKY<\/strong><\/p>\n<p>Spr\u00e1vnou aplikac\u00ed vhodn\u00e9 techniky kineziotapu na posti\u017eenou oblast aktivujeme reflexn\u00ed odpov\u011b\u010f organismu s\u00a0c\u00edlem odstranit patologick\u00e9 zm\u011bny, \u010d\u00edm\u017e umo\u017en\u00edme pohybov\u00e9mu apar\u00e1tu n\u00e1vrat k\u00a0funk\u010dn\u00edmu stavu.<\/p>\n<p>P\u0159i nadm\u011brn\u00e9 t\u011blesn\u00e9 z\u00e1t\u011b\u017ei doch\u00e1z\u00ed k\u00a0p\u0159eta\u017een\u00ed \u010di p\u0159et\u00ed\u017een\u00ed sval\u016f, m\u016f\u017ee doj\u00edt k\u00a0mikrotraumatizaci a z\u00e1n\u011btliv\u00fdm pochod\u016fm. Takov\u00fd sval je otekl\u00fd a ztuhl\u00fd, c\u00edt\u00edme \u00fanavu a bolest. Doch\u00e1z\u00ed ke sn\u00ed\u017een\u00ed pH a k\u00a0akumulaci vody ve svalu. V\u00fdsledkem je redukce prostoru mezi k\u016f\u017e\u00ed a svalem.<\/p>\n<p>Nalepen\u00edm tapu se poko\u017eka zvln\u00ed a nadleh\u010d\u00ed a t\u00edm je umo\u017en\u011bn zv\u00fd\u0161en\u00fd trval\u00fd pr\u016ftok krve a lymfy. \u00a0Po zv\u011bt\u0161en\u00ed prostoru v\u00a0podko\u017e\u00ed pomine tlak na receptory bolesti a ta rychle odezn\u00edv\u00e1. Prodlu\u017euje se uvoln\u011bn\u00ed sval\u016f, \u00fa\u010dinek mas\u00e1\u017ee a aktivuj\u00ed se ozdravn\u00e9 procesy.<\/p>\n<p>Kineziotape je pru\u017en\u00fd a tud\u00ed\u017e neomezuje hybnost, ponech\u00e1v\u00e1 se na k\u016f\u017ei po dobu 1-5 dn\u00ed, aplikace se m\u016f\u017ee opakovat \u010di libovoln\u011b kombinovat.<\/p>\n<p>Prost\u0159ednictv\u00edm kineziotapu dosahujeme redukci bolesti, otoku a z\u00e1n\u011btu, relaxace svalu p\u0159i p\u0159et\u00ed\u017een\u00ed \u010di facilitace svalu p\u0159i jeho oslaben\u00ed, centrace kloubu, zlep\u0161en\u00ed rozsahu pohybu, sn\u00ed\u017een\u00ed mo\u017enosti svalov\u00fdch k\u0159e\u010d\u00ed a zran\u011bn\u00ed.<\/p>\n<p>&nbsp;<\/p>\n<p><strong>POU\u017dIT\u00cd KINEZIOTAPU<\/strong><\/p>\n<ul>\n<li>P\u0159i bolestech p\u00e1te\u0159e, sval\u016f, \u0161lach a kloub\u016f<\/li>\n<li>Vyrovn\u00e1v\u00e1 nespr\u00e1vn\u00e9 dr\u017een\u00ed t\u011bla<\/li>\n<li>Stabilizuje uvoln\u011bn\u00e9 blok\u00e1dy<\/li>\n<li>Po \u00farazech, p\u0159i rekonvalescenci a rehabilitaci<\/li>\n<li>Zlep\u0161uje pr\u016ftok krve a lymfy<\/li>\n<li>Prodlu\u017euje \u00fa\u010dinky mas\u00e1\u017ee<\/li>\n<li>Aktivuje ozdravn\u00e9 procesy<\/li>\n<li>Jako prevence \u00faraz\u016f p\u0159i sportu<\/li>\n<\/ul>\n<p><strong>KONTRAINDIKACE<\/strong><\/p>\n<ul>\n<li>Hnisav\u00e9 ko\u017en\u00ed projevy<\/li>\n<li>Vystoupl\u00e1 znam\u00e9nka, bradavice<\/li>\n<li>Nezhojen\u00e9 jizvy, otev\u0159en\u00e9 r\u00e1ny<\/li>\n<li>Varixy<\/li>\n<li>Akutn\u00ed tromb\u00f3zy<\/li>\n<li>Alergick\u00e1 reakce na tape<\/li>\n<\/ul>\n<div class=\"foogallery foogallery-container foogallery-default foogallery-lightbox-foobox-free fg-gutter-10 fg-center fg-default fg-light fg-border-thin fg-shadow-small fg-loading-default fg-loaded-fade-in fg-caption-hover fg-hover-fade fg-hover-zoom fg-ready\" id=\"foogallery-gallery-160\" data-foogallery=\"{&quot;item&quot;:{&quot;showCaptionTitle&quot;:true,&quot;showCaptionDescription&quot;:true},&quot;lazy&quot;:true,&quot;src&quot;:&quot;data-src-fg&quot;,&quot;srcset&quot;:&quot;data-srcset-fg&quot;}\" data-fg-common-fields=\"1\" >\r\n\t<div class=\"fg-item\"><figure class=\"fg-item-inner\"><a href=\"https:\/\/www.fyziomasaze-veronika.cz\/wp-content\/uploads\/2015\/01\/kineziotaping-1.jpg\" data-attachment-id=\"154\" class=\"fg-thumb\"><span class=\"fg-image-wrap\"><img width=\"150\" height=\"150\" data-src-fg=\"https:\/\/www.fyziomasaze-veronika.cz\/wp-content\/uploads\/cache\/2015\/01\/kineziotaping-1\/2944704710.jpg\" class=\"fg-image\" \/><\/span><\/a><figcaption class=\"fg-caption\"><div class=\"fg-caption-inner\"><\/div><\/figcaption><\/figure><div class=\"fg-loader\"><\/div><\/div><div class=\"fg-item\"><figure class=\"fg-item-inner\"><a href=\"https:\/\/www.fyziomasaze-veronika.cz\/wp-content\/uploads\/2015\/01\/kineziotaping-4.jpg\" data-attachment-id=\"157\" class=\"fg-thumb\"><span class=\"fg-image-wrap\"><img width=\"150\" height=\"150\" data-src-fg=\"https:\/\/www.fyziomasaze-veronika.cz\/wp-content\/uploads\/cache\/2015\/01\/kineziotaping-4\/624799311.jpg\" class=\"fg-image\" \/><\/span><\/a><figcaption class=\"fg-caption\"><div class=\"fg-caption-inner\"><\/div><\/figcaption><\/figure><div class=\"fg-loader\"><\/div><\/div><div class=\"fg-item\"><figure class=\"fg-item-inner\"><a href=\"https:\/\/www.fyziomasaze-veronika.cz\/wp-content\/uploads\/2015\/01\/kineziotaping-3.jpg\" data-attachment-id=\"156\" class=\"fg-thumb\"><span class=\"fg-image-wrap\"><img width=\"150\" height=\"150\" data-src-fg=\"https:\/\/www.fyziomasaze-veronika.cz\/wp-content\/uploads\/cache\/2015\/01\/kineziotaping-3\/3638601010.jpg\" class=\"fg-image\" \/><\/span><\/a><figcaption class=\"fg-caption\"><div class=\"fg-caption-inner\"><\/div><\/figcaption><\/figure><div class=\"fg-loader\"><\/div><\/div><div class=\"fg-item\"><figure class=\"fg-item-inner\"><a href=\"https:\/\/www.fyziomasaze-veronika.cz\/wp-content\/uploads\/2015\/01\/kineziotaping-2.jpg\" data-attachment-id=\"155\" class=\"fg-thumb\"><span class=\"fg-image-wrap\"><img width=\"150\" height=\"150\" data-src-fg=\"https:\/\/www.fyziomasaze-veronika.cz\/wp-content\/uploads\/cache\/2015\/01\/kineziotaping-2\/3591611713.jpg\" class=\"fg-image\" \/><\/span><\/a><figcaption class=\"fg-caption\"><div class=\"fg-caption-inner\"><\/div><\/figcaption><\/figure><div class=\"fg-loader\"><\/div><\/div><\/div>\r\n\n","protected":false},"excerpt":{"rendered":"<p>FYZIOLOGICK\u00c9 \u00da\u010cINKY Spr\u00e1vnou aplikac\u00ed vhodn\u00e9 techniky kineziotapu na posti\u017eenou oblast aktivujeme reflexn\u00ed odpov\u011b\u010f organismu s\u00a0c\u00edlem odstranit patologick\u00e9 zm\u011bny, \u010d\u00edm\u017e umo\u017en\u00edme pohybov\u00e9mu apar\u00e1tu n\u00e1vrat k\u00a0funk\u010dn\u00edmu stavu. P\u0159i nadm\u011brn\u00e9 t\u011blesn\u00e9 z\u00e1t\u011b\u017ei doch\u00e1z\u00ed k\u00a0p\u0159eta\u017een\u00ed \u010di p\u0159et\u00ed\u017een\u00ed sval\u016f, m\u016f\u017ee doj\u00edt k\u00a0mikrotraumatizaci a z\u00e1n\u011btliv\u00fdm pochod\u016fm. Takov\u00fd sval je otekl\u00fd a ztuhl\u00fd, c\u00edt\u00edme \u00fanavu a bolest. Doch\u00e1z\u00ed ke sn\u00ed\u017een\u00ed pH a [&hellip;]<\/p>\n","protected":false},"author":1,"featured_media":0,"parent":0,"menu_order":25,"comment_status":"closed","ping_status":"closed","template":"","meta":[],"_links":{"self":[{"href":"https:\/\/www.fyziomasaze-veronika.cz\/index.php?rest_route=\/wp\/v2\/pages\/14"}],"collection":[{"href":"https:\/\/www.fyziomasaze-veronika.cz\/index.php?rest_route=\/wp\/v2\/pages"}],"about":[{"href":"https:\/\/www.fyziomasaze-veronika.cz\/index.php?rest_route=\/wp\/v2\/types\/page"}],"author":[{"embeddable":true,"href":"https:\/\/www.fyziomasaze-veronika.cz\/index.php?rest_route=\/wp\/v2\/users\/1"}],"replies":[{"embeddable":true,"href":"https:\/\/www.fyziomasaze-veronika.cz\/index.php?rest_route=%2Fwp%2Fv2%2Fcomments&post=14"}],"version-history":[{"count":13,"href":"https:\/\/www.fyziomasaze-veronika.cz\/index.php?rest_route=\/wp\/v2\/pages\/14\/revisions"}],"predecessor-version":[{"id":175,"href":"https:\/\/www.fyziomasaze-veronika.cz\/index.php?rest_route=\/wp\/v2\/pages\/14\/revisions\/175"}],"wp:attachment":[{"href":"https:\/\/www.fyziomasaze-veronika.cz\/index.php?rest_route=%2Fwp%2Fv2%2Fmedia&parent=14"}],"curies":[{"name":"wp","href":"https:\/\/api.w.org\/{rel}","templated":true}]}}