	{"id":12,"date":"2015-01-21T21:34:15","date_gmt":"2015-01-21T20:34:15","guid":{"rendered":"http:\/\/www.fyziomasaze-veronika.cz\/?page_id=12"},"modified":"2015-01-26T09:13:34","modified_gmt":"2015-01-26T08:13:34","slug":"dornova-metoda","status":"publish","type":"page","link":"https:\/\/www.fyziomasaze-veronika.cz\/?page_id=12","title":{"rendered":"DORNOVA METODA"},"content":{"rendered":"<p><strong><img loading=\"lazy\" class=\"alignright wp-image-170 size-medium\" src=\"http:\/\/www.fyziomasaze-veronika.cz\/wp-content\/uploads\/2015\/01\/dornova-metoda-300x300.jpg\" alt=\"dornova-metoda\" width=\"300\" height=\"300\" srcset=\"https:\/\/www.fyziomasaze-veronika.cz\/wp-content\/uploads\/2015\/01\/dornova-metoda.jpg 300w, https:\/\/www.fyziomasaze-veronika.cz\/wp-content\/uploads\/2015\/01\/dornova-metoda-150x150.jpg 150w\" sizes=\"(max-width: 300px) 100vw, 300px\" \/>HISTORIE<\/strong><\/p>\n<p>Za otce Dornovy metody je pova\u017eov\u00e1n Dieter Dorn, kter\u00fd se v\u00fdznamn\u00fdm zp\u016fsobem pod\u00edlel na jej\u00edm znovuobjeven\u00ed a uveden\u00ed do praxe. St\u00e1la za t\u00edm jeho vlastn\u00ed zku\u0161enost. V\u00a035 letech ho postihl \u00faraz p\u00e1te\u0159e a od \u00faporn\u00fdch bolest\u00ed mu pomohl a\u017e m\u00edstn\u00ed sedl\u00e1k. Dieter Dorn byl jeho schopnostmi fascinov\u00e1n a tou\u017eil se od n\u011bj tuto techniku nau\u010dit. Bohu\u017eel sedl\u00e1k zanedlouho zem\u0159el a Dorn byl odk\u00e1z\u00e1n pouze na svou intuici. Metodu neust\u00e1le rozv\u00edjel a s\u00e1m byl p\u0159ekvapen jej\u00ed obrovskou \u00fasp\u011b\u0161nost\u00ed.<\/p>\n<p><strong>CO JE DORNOVA METODA<\/strong><\/p>\n<p>Dornova metoda je jemn\u00e1 a \u0161etrn\u00e1 manu\u00e1ln\u00ed terapie, p\u0159i kter\u00e9 doch\u00e1z\u00ed k n\u00e1vratu kloub\u016f a obratl\u016f do spr\u00e1vn\u00e9 polohy. D\u011bje se tak za aktivn\u00ed \u00fa\u010dasti nejen terapeuta, ale tak\u00e9 o\u0161et\u0159ovan\u00e9ho. Ten prov\u00e1d\u00ed voln\u00fd pohyb nohou \u010di rukou podle instrukc\u00ed terapeuta, kter\u00fd z\u00e1rove\u0148 p\u016fsob\u00ed m\u00edrn\u00fdm tlakem na o\u0161et\u0159ovan\u00fd kloub. Tlakem palce na obratle p\u00e1te\u0159e se sou\u010dasn\u011b bezpe\u010dn\u011b uvol\u0148uj\u00ed blok\u00e1dy v tk\u00e1n\u00edch a toku energie. N\u00e1sledkem Dornovy terapie doch\u00e1z\u00ed k uvoln\u011bn\u00ed nejen fyzick\u00fdch, ale i psychick\u00fdch blok\u00e1d, kter\u00e9 jsou nej\u010dast\u011bj\u0161\u00ed p\u0159\u00ed\u010dinou vzniku disharmonie v proud\u011bn\u00ed energie, kter\u00e1 se projev\u00ed v nedostate\u010dn\u00e9m z\u00e1soben\u00ed \u017eivinami, chybn\u00fdmi informacemi a v\u00e1znouc\u00ed detoxikac\u00ed v org\u00e1nech, tk\u00e1n\u00edch a kone\u010dn\u011b v samotn\u00fdch bu\u0148k\u00e1ch. Dornova metoda je tedy terapi\u00ed celostn\u00ed, proto\u017ee respektuje \u010dlov\u011bka ve v\u0161ech \u00farovn\u00edch, a proto se tak\u00e9 ve v\u0161ech \u00farovn\u00edch projev\u00ed jej\u00ed \u00fa\u010dinek.<\/p>\n<p>Dornova metoda je na rozd\u00edl od metod, pou\u017e\u00edvan\u00fdch chiropraktiky metodou \u0161etrnou. Nejde v n\u00ed o to zjednat n\u00e1pravu za cenu zp\u016fsoben\u00ed \u0161oku a \u010dasto i mikrotraumat ve svalech, vazech \u010di v kostech, jak se d\u011bje pr\u00e1v\u011b p\u0159i trakc\u00edch (lidov\u011b \u0161kub \u2013 a je to). Takov\u00fd postup vede op\u011bt k zablokov\u00e1n\u00ed, pon\u011bvad\u017e i sval rad\u011bji p\u0159ijme vl\u00eddn\u00e9 zach\u00e1zen\u00ed a domluvu \u201epo dobr\u00e9m\u201c. P\u0159i Dornov\u011b terapii se sval zam\u011bstn\u00e1 jeho nejp\u0159irozen\u011bj\u0161\u00ed \u010dinnost\u00ed \u2013 pohybem a nem\u00e1 tak pot\u0159ebu se br\u00e1nit, proto\u017ee respektujeme jeho p\u0159irozenost a d\u016fle\u017eitost. S nov\u011b vzniklou skute\u010dnost\u00ed, toti\u017e uveden\u00edm kloubu do p\u016fvodn\u00ed (spr\u00e1vn\u00e9) polohy, nebojuje, ale p\u0159ij\u00edm\u00e1 ji.<\/p>\n<p>Dornova metoda vyzn\u00e1v\u00e1 z\u00e1sadu pr\u00e1ce maxim\u00e1ln\u011b na prahu bolesti. M\u00edrn\u00e1 bolest zp\u016fsoben\u00e1 tlakem palce rychle miz\u00ed. Bolest, se kterou \u010dlov\u011bk na o\u0161et\u0159en\u00ed p\u0159ich\u00e1z\u00ed, je zpravidla siln\u011bj\u0161\u00ed. I ta po \u00fasp\u011b\u0161n\u00e9m \u201ez\u00e1sahu\u201c miz\u00ed, proto\u017ee u\u017e nen\u00ed nutn\u00e1. Splnila sv\u016fj \u00fa\u010del d\u00e1t na v\u011bdom\u00ed, \u017ee n\u011bco nen\u00ed, jak m\u00e1 b\u00fdt a n\u00e1prava byla sjedn\u00e1na.<\/p>\n<p>&nbsp;<\/p>\n<p><strong>Indikace Dornovy metody:<\/strong><\/p>\n<ul>\n<li>Bolesti zad, ky\u010dl\u00ed, kolen, ramen, lokt\u016f, z\u00e1p\u011bst\u00ed, \u2026<\/li>\n<li>Skoli\u00f3za<\/li>\n<li>Rozd\u00edln\u00e1 d\u00e9lka kon\u010detin (funk\u010dn\u011b krat\u0161\u00ed noha)<\/li>\n<li>Vybo\u010den\u00fd palec<\/li>\n<li>Patn\u00ed ostruhy<\/li>\n<li>Ischiatick\u00e9 bolesti<\/li>\n<li>Bolesti hlavy, migr\u00e9ny<\/li>\n<li>Mraven\u010den\u00ed a porucha citlivosti rukou, nohou<\/li>\n<\/ul>\n<p>&nbsp;<\/p>\n<p><strong>Kontraindikace Dornovy metody:<\/strong><\/p>\n<ul>\n<li>Osteopor\u00f3za v pokro\u010dil\u00e9m stadiu<\/li>\n<li>Akutn\u00ed z\u00e1n\u011bt \u2013 po\u010dk\u00e1me, a\u017e odezn\u00ed<\/li>\n<li>Artr\u00f3za 4.stupn\u011b (u 3.stupn\u011b s omezen\u00edm)<\/li>\n<li>Becht\u011brevova nemoc<\/li>\n<li>N\u00e1dorov\u00e9 onemocn\u011bn\u00ed<\/li>\n<li>Revmatoidn\u00ed artritida \u2013 s omezen\u00edm<\/li>\n<li>Um\u011bl\u00fd kloub \u010di obratel, zni\u010den\u00e1 plot\u00e9nka \u2013 t\u011bmto m\u00edst\u016fm se vyhneme<\/li>\n<li>Operace plot\u00e9nek a kloub\u016f \u2013 opatrn\u011b nejd\u0159\u00edve za 4 t\u00fddny po z\u00e1kroku<\/li>\n<li>Zlomeniny \u2013 a\u017e po \u00fapln\u00e9m zahojen\u00ed<\/li>\n<li>V\u00fdh\u0159ez plot\u00e9nky \u2013 a\u017e po odezn\u011bn\u00ed akutn\u00edho stavu<\/li>\n<\/ul>\n<p>&nbsp;<\/p>\n<p>Ide\u00e1ln\u00edm dopl\u0148kem Dornovy terapie je <strong>Breussova mas\u00e1\u017e<\/strong>, kter\u00e1 je vhodn\u00e1 i jako samostatn\u00e1 terapie v p\u0159\u00edpad\u011b, \u017ee z n\u011bjak\u00e9ho v\u00fd\u0161e zm\u00edn\u011bn\u00e9ho d\u016fvodu nelze prov\u00e9st o\u0161et\u0159en\u00ed podle Dorna. P\u0159i zvl\u00e1\u0161\u0165 bolestiv\u00fdch pot\u00ed\u017e\u00edch, jako je ischialgie nebo \u201ehouser\u201c, je tato mas\u00e1\u017e v\u011bt\u0161inou jedinou terapi\u00ed, kterou pacient snese.<\/p>\n<div class=\"foogallery foogallery-container foogallery-default foogallery-lightbox-foobox-free fg-gutter-10 fg-center fg-default fg-light fg-border-thin fg-shadow-small fg-loading-default fg-loaded-fade-in fg-caption-hover fg-hover-fade fg-hover-zoom fg-ready\" id=\"foogallery-gallery-162\" data-foogallery=\"{&quot;item&quot;:{&quot;showCaptionTitle&quot;:true,&quot;showCaptionDescription&quot;:true},&quot;lazy&quot;:true,&quot;src&quot;:&quot;data-src-fg&quot;,&quot;srcset&quot;:&quot;data-srcset-fg&quot;}\" data-fg-common-fields=\"1\" >\r\n\t<div class=\"fg-item\"><figure class=\"fg-item-inner\"><a href=\"https:\/\/www.fyziomasaze-veronika.cz\/wp-content\/uploads\/2015\/01\/dornova-metoda-1.jpg\" data-attachment-id=\"163\" class=\"fg-thumb\"><span class=\"fg-image-wrap\"><img width=\"150\" height=\"150\" data-src-fg=\"https:\/\/www.fyziomasaze-veronika.cz\/wp-content\/uploads\/cache\/2015\/01\/dornova-metoda-1\/3135230047.jpg\" class=\"fg-image\" \/><\/span><\/a><figcaption class=\"fg-caption\"><div class=\"fg-caption-inner\"><\/div><\/figcaption><\/figure><div class=\"fg-loader\"><\/div><\/div><div class=\"fg-item\"><figure class=\"fg-item-inner\"><a href=\"https:\/\/www.fyziomasaze-veronika.cz\/wp-content\/uploads\/2015\/01\/dornova-metoda-2.jpg\" data-attachment-id=\"164\" class=\"fg-thumb\"><span class=\"fg-image-wrap\"><img width=\"150\" height=\"150\" data-src-fg=\"https:\/\/www.fyziomasaze-veronika.cz\/wp-content\/uploads\/cache\/2015\/01\/dornova-metoda-2\/435872564.jpg\" class=\"fg-image\" \/><\/span><\/a><figcaption class=\"fg-caption\"><div class=\"fg-caption-inner\"><\/div><\/figcaption><\/figure><div class=\"fg-loader\"><\/div><\/div><div class=\"fg-item\"><figure class=\"fg-item-inner\"><a href=\"https:\/\/www.fyziomasaze-veronika.cz\/wp-content\/uploads\/2015\/01\/dornova-metoda-3.jpg\" data-attachment-id=\"165\" class=\"fg-thumb\"><span class=\"fg-image-wrap\"><img width=\"150\" height=\"150\" data-src-fg=\"https:\/\/www.fyziomasaze-veronika.cz\/wp-content\/uploads\/cache\/2015\/01\/dornova-metoda-3\/2675465961.jpg\" class=\"fg-image\" \/><\/span><\/a><figcaption class=\"fg-caption\"><div class=\"fg-caption-inner\"><\/div><\/figcaption><\/figure><div class=\"fg-loader\"><\/div><\/div><\/div>\r\n\n","protected":false},"excerpt":{"rendered":"<p>HISTORIE Za otce Dornovy metody je pova\u017eov\u00e1n Dieter Dorn, kter\u00fd se v\u00fdznamn\u00fdm zp\u016fsobem pod\u00edlel na jej\u00edm znovuobjeven\u00ed a uveden\u00ed do praxe. St\u00e1la za t\u00edm jeho vlastn\u00ed zku\u0161enost. V\u00a035 letech ho postihl \u00faraz p\u00e1te\u0159e a od \u00faporn\u00fdch bolest\u00ed mu pomohl a\u017e m\u00edstn\u00ed sedl\u00e1k. Dieter Dorn byl jeho schopnostmi fascinov\u00e1n a tou\u017eil se od n\u011bj tuto techniku [&hellip;]<\/p>\n","protected":false},"author":1,"featured_media":0,"parent":0,"menu_order":10,"comment_status":"closed","ping_status":"closed","template":"","meta":[],"_links":{"self":[{"href":"https:\/\/www.fyziomasaze-veronika.cz\/index.php?rest_route=\/wp\/v2\/pages\/12"}],"collection":[{"href":"https:\/\/www.fyziomasaze-veronika.cz\/index.php?rest_route=\/wp\/v2\/pages"}],"about":[{"href":"https:\/\/www.fyziomasaze-veronika.cz\/index.php?rest_route=\/wp\/v2\/types\/page"}],"author":[{"embeddable":true,"href":"https:\/\/www.fyziomasaze-veronika.cz\/index.php?rest_route=\/wp\/v2\/users\/1"}],"replies":[{"embeddable":true,"href":"https:\/\/www.fyziomasaze-veronika.cz\/index.php?rest_route=%2Fwp%2Fv2%2Fcomments&post=12"}],"version-history":[{"count":5,"href":"https:\/\/www.fyziomasaze-veronika.cz\/index.php?rest_route=\/wp\/v2\/pages\/12\/revisions"}],"predecessor-version":[{"id":171,"href":"https:\/\/www.fyziomasaze-veronika.cz\/index.php?rest_route=\/wp\/v2\/pages\/12\/revisions\/171"}],"wp:attachment":[{"href":"https:\/\/www.fyziomasaze-veronika.cz\/index.php?rest_route=%2Fwp%2Fv2%2Fmedia&parent=12"}],"curies":[{"name":"wp","href":"https:\/\/api.w.org\/{rel}","templated":true}]}}