	{"id":10,"date":"2015-01-21T21:33:33","date_gmt":"2015-01-21T20:33:33","guid":{"rendered":"http:\/\/www.fyziomasaze-veronika.cz\/?page_id=10"},"modified":"2024-12-24T15:41:20","modified_gmt":"2024-12-24T14:41:20","slug":"cenik","status":"publish","type":"page","link":"https:\/\/www.fyziomasaze-veronika.cz\/?page_id=10","title":{"rendered":"CEN\u00cdK"},"content":{"rendered":"\n<p>platn\u00fd od 1.2. 2025<\/p>\n\n\n\n<ul><li><strong>MAS\u00c1\u017d RELAXA\u010cN\u00cd, FYZIO-MAS\u00c1\u017d<a href=\"https:\/\/www.fyziomasaze-veronika.cz\/wp-content\/uploads\/2021\/01\/IMG_8490.jpg\"><img loading=\"lazy\" width=\"300\" height=\"225\" class=\" size-medium wp-image-3338 alignright\" src=\"https:\/\/www.fyziomasaze-veronika.cz\/wp-content\/uploads\/2021\/01\/IMG_8490-300x225.jpg\" alt=\"IMG_8490\" srcset=\"https:\/\/www.fyziomasaze-veronika.cz\/wp-content\/uploads\/2021\/01\/IMG_8490-300x225.jpg 300w, https:\/\/www.fyziomasaze-veronika.cz\/wp-content\/uploads\/2021\/01\/IMG_8490-1024x768.jpg 1024w\" sizes=\"(max-width: 300px) 100vw, 300px\" \/><\/a><\/strong><\/li><\/ul>\n\n\n\n<p>30 min \u010d\u00e1ste\u010dn\u00e1 mas\u00e1\u017e\u2026\u2026\u2026\u2026\u2026\u2026\u2026\u2026\u2026.\u00a0\u00a0550 K\u010d<\/p>\n\n\n\n<p>60 min \u010d\u00e1ste\u010dn\u00e1 i celkov\u00e1 mas\u00e1\u017e\u2026\u2026\u2026.\u2026. 980 K\u010d<\/p>\n\n\n\n<p>90 min celkov\u00e1 mas\u00e1\u017e\u2026\u2026\u2026\u2026\u2026\u2026\u2026\u2026\u2026&#8230; 1480 K\u010d<\/p>\n\n\n\n<p>120 min celkov\u00e1 mas\u00e1\u017e\u2026\u2026\u2026\u2026\u2026\u2026\u2026..\u2026.. 1950 K\u010d<\/p>\n\n\n\n<ul><li><strong>BREUSSOVA MAS\u00c1\u017d<\/strong><\/li><\/ul>\n\n\n\n<p>30 min \u2026\u2026\u2026\u2026\u2026\u2026\u2026\u2026\u2026\u2026\u2026\u2026\u2026\u2026\u2026\u2026\u2026\u2026.. 550 K\u010d<\/p>\n\n\n\n<ul><li><strong>DORNOVA METODA<\/strong><\/li><\/ul>\n\n\n\n<p>30 min \u2026\u2026\u2026\u2026\u2026\u2026\u2026\u2026\u2026\u2026\u2026\u2026\u2026\u2026\u2026\u2026\u2026\u2026. 600 K\u010d<\/p>\n\n\n\n<p>60 min \u2026\u2026\u2026\u2026\u2026\u2026\u2026\u2026\u2026\u2026\u2026\u2026\u2026\u2026\u2026\u2026\u2026.. 1190 K\u010d<\/p>\n\n\n\n<ul><li><strong>SPIR\u00c1LN\u00cd STABILIZACE (SM SYST\u00c9M)<\/strong><\/li><\/ul>\n\n\n\n<p>60 min individu\u00e1ln\u00ed cvi\u010den\u00ed\u2026\u2026\u2026\u2026\u2026\u2026\u2026.. 700 K\u010d<\/p>\n\n\n\n<p>60 min cvi\u010den\u00ed ve dvojici\u2026\u2026\u2026\u2026\u2026\u2026\u2026\u2026. 1000 K\u010d<\/p>\n\n\n\n<ul><li><strong>KINEZIOTAPING<img loading=\"lazy\" class=\" wp-image-3336 size-medium alignright\" src=\"https:\/\/www.fyziomasaze-veronika.cz\/wp-content\/uploads\/2021\/01\/IMG_8488-300x225.jpg\" alt=\"\" width=\"300\" height=\"225\" srcset=\"https:\/\/www.fyziomasaze-veronika.cz\/wp-content\/uploads\/2021\/01\/IMG_8488-300x225.jpg 300w, https:\/\/www.fyziomasaze-veronika.cz\/wp-content\/uploads\/2021\/01\/IMG_8488-1024x768.jpg 1024w\" sizes=\"(max-width: 300px) 100vw, 300px\" \/><\/strong><\/li><\/ul>\n\n\n\n<p>Mal\u00fd (do 50 cm)\u2026\u2026\u2026\u2026\u2026\u2026\u2026\u2026\u2026\u2026\u2026\u2026\u2026\u2026 120 K\u010d<\/p>\n\n\n\n<p>Velk\u00fd (nad 50 cm)\u2026\u2026\u2026\u2026\u2026\u2026\u2026\u2026\u2026\u2026\u2026\u2026.. 170 K\u010d<\/p>\n\n\n\n<p>+ materi\u00e1l 1 cm\u2026\u2026\u2026\u2026\u2026\u2026\u2026\u2026\u2026\u2026\u2026\u2026\u2026\u2026\u2026. 2 K\u010d<\/p>\n\n\n\n<div class=\"wp-block-image\"><figure class=\"alignleft\"><a href=\"https:\/\/www.fyziomasaze-veronika.cz\/wp-content\/uploads\/2021\/01\/IMG_8489.jpg\"><img loading=\"lazy\" width=\"300\" height=\"225\" src=\"https:\/\/www.fyziomasaze-veronika.cz\/wp-content\/uploads\/2021\/01\/IMG_8489-300x225.jpg\" alt=\"IMG_8489\" class=\"wp-image-3337\" srcset=\"https:\/\/www.fyziomasaze-veronika.cz\/wp-content\/uploads\/2021\/01\/IMG_8489-300x225.jpg 300w, https:\/\/www.fyziomasaze-veronika.cz\/wp-content\/uploads\/2021\/01\/IMG_8489-1024x768.jpg 1024w\" sizes=\"(max-width: 300px) 100vw, 300px\" \/><\/a><\/figure><\/div>\n","protected":false},"excerpt":{"rendered":"<p>platn\u00fd od 1.2. 2025 MAS\u00c1\u017d RELAXA\u010cN\u00cd, FYZIO-MAS\u00c1\u017d 30 min \u010d\u00e1ste\u010dn\u00e1 mas\u00e1\u017e\u2026\u2026\u2026\u2026\u2026\u2026\u2026\u2026\u2026.\u00a0\u00a0550 K\u010d 60 min \u010d\u00e1ste\u010dn\u00e1 i celkov\u00e1 mas\u00e1\u017e\u2026\u2026\u2026.\u2026. 980 K\u010d 90 min celkov\u00e1 mas\u00e1\u017e\u2026\u2026\u2026\u2026\u2026\u2026\u2026\u2026\u2026&#8230; 1480 K\u010d 120 min celkov\u00e1 mas\u00e1\u017e\u2026\u2026\u2026\u2026\u2026\u2026\u2026..\u2026.. 1950 K\u010d BREUSSOVA MAS\u00c1\u017d 30 min \u2026\u2026\u2026\u2026\u2026\u2026\u2026\u2026\u2026\u2026\u2026\u2026\u2026\u2026\u2026\u2026\u2026\u2026.. 550 K\u010d DORNOVA METODA 30 min \u2026\u2026\u2026\u2026\u2026\u2026\u2026\u2026\u2026\u2026\u2026\u2026\u2026\u2026\u2026\u2026\u2026\u2026. 600 K\u010d 60 min \u2026\u2026\u2026\u2026\u2026\u2026\u2026\u2026\u2026\u2026\u2026\u2026\u2026\u2026\u2026\u2026\u2026.. 1190 K\u010d SPIR\u00c1LN\u00cd STABILIZACE (SM SYST\u00c9M) [&hellip;]<\/p>\n","protected":false},"author":1,"featured_media":0,"parent":0,"menu_order":40,"comment_status":"closed","ping_status":"closed","template":"","meta":[],"_links":{"self":[{"href":"https:\/\/www.fyziomasaze-veronika.cz\/index.php?rest_route=\/wp\/v2\/pages\/10"}],"collection":[{"href":"https:\/\/www.fyziomasaze-veronika.cz\/index.php?rest_route=\/wp\/v2\/pages"}],"about":[{"href":"https:\/\/www.fyziomasaze-veronika.cz\/index.php?rest_route=\/wp\/v2\/types\/page"}],"author":[{"embeddable":true,"href":"https:\/\/www.fyziomasaze-veronika.cz\/index.php?rest_route=\/wp\/v2\/users\/1"}],"replies":[{"embeddable":true,"href":"https:\/\/www.fyziomasaze-veronika.cz\/index.php?rest_route=%2Fwp%2Fv2%2Fcomments&post=10"}],"version-history":[{"count":20,"href":"https:\/\/www.fyziomasaze-veronika.cz\/index.php?rest_route=\/wp\/v2\/pages\/10\/revisions"}],"predecessor-version":[{"id":3362,"href":"https:\/\/www.fyziomasaze-veronika.cz\/index.php?rest_route=\/wp\/v2\/pages\/10\/revisions\/3362"}],"wp:attachment":[{"href":"https:\/\/www.fyziomasaze-veronika.cz\/index.php?rest_route=%2Fwp%2Fv2%2Fmedia&parent=10"}],"curies":[{"name":"wp","href":"https:\/\/api.w.org\/{rel}","templated":true}]}}